{"id":2549,"date":"2025-01-07T09:40:00","date_gmt":"2025-01-07T08:40:00","guid":{"rendered":"http:\/\/manndeckung.test\/?page_id=2549"},"modified":"2025-03-25T21:05:43","modified_gmt":"2025-03-25T20:05:43","slug":"vielen-dank","status":"publish","type":"page","link":"https:\/\/www.manndeckung.com\/en\/vielen-dank\/","title":{"rendered":"Vielen Dank"},"content":{"rendered":"<div data-elementor-type=\"wp-page\" data-elementor-id=\"2549\" class=\"elementor elementor-2549\">\n\t\t\t\t<div class=\"elementor-element elementor-element-9a76db0 hero e-flex e-con-boxed wpr-particle-no wpr-jarallax-no wpr-parallax-no wpr-sticky-section-no e-con e-parent\" data-id=\"9a76db0\" data-element_type=\"container\" data-e-type=\"container\" data-settings=\"{&quot;background_background&quot;:&quot;classic&quot;}\">\n\t\t\t\t\t<div class=\"e-con-inner\">\n\t\t<div class=\"elementor-element elementor-element-7e53bbb e-con-full e-flex wpr-particle-no wpr-jarallax-no wpr-parallax-no wpr-sticky-section-no e-con e-child\" data-id=\"7e53bbb\" data-element_type=\"container\" data-e-type=\"container\">\n\t\t\t\t<div class=\"elementor-element elementor-element-067e21c elementor-widget elementor-widget-heading\" data-id=\"067e21c\" data-element_type=\"widget\" data-e-type=\"widget\" data-widget_type=\"heading.default\">\n\t\t\t\t<div class=\"elementor-widget-container\">\n\t\t\t\t\t<h1 class=\"elementor-heading-title elementor-size-default\">Vielen Dank<\/h1>\t\t\t\t<\/div>\n\t\t\t\t<\/div>\n\t\t\t\t<\/div>\n\t\t\t\t\t<\/div>\n\t\t\t\t<\/div>\n\t\t<div class=\"elementor-element elementor-element-5c152d0 e-flex e-con-boxed wpr-particle-no wpr-jarallax-no wpr-parallax-no wpr-sticky-section-no e-con e-parent\" data-id=\"5c152d0\" data-element_type=\"container\" data-e-type=\"container\">\n\t\t\t\t\t<div class=\"e-con-inner\">\n\t\t\t\t<div class=\"elementor-element elementor-element-9c0c42c elementor-widget elementor-widget-heading\" data-id=\"9c0c42c\" data-element_type=\"widget\" data-e-type=\"widget\" data-widget_type=\"heading.default\">\n\t\t\t\t<div class=\"elementor-widget-container\">\n\t\t\t\t\t<h2 class=\"elementor-heading-title elementor-size-default\">Vielen Dank f\u00fcr Ihre Anfrage<\/h2>\t\t\t\t<\/div>\n\t\t\t\t<\/div>\n\t\t\t\t<div class=\"elementor-element elementor-element-0387a97 elementor-widget elementor-widget-text-editor\" data-id=\"0387a97\" data-element_type=\"widget\" data-e-type=\"widget\" data-widget_type=\"text-editor.default\">\n\t\t\t\t<div class=\"elementor-widget-container\">\n\t\t\t\t\t\t\t\t\t<p>Do you have any questions or would you like to get in touch with us? Use our contact form to send us your request quickly and easily. We will get back to you as soon as possible and look forward to hearing from you!<\/p>\t\t\t\t\t\t\t\t<\/div>\n\t\t\t\t<\/div>\n\t\t\t\t\t<\/div>\n\t\t\t\t<\/div>\n\t\t\t\t<\/div>","protected":false},"excerpt":{"rendered":"<p>Vielen Dank Vielen Dank f\u00fcr Ihre Anfrage Haben Sie Fragen oder m\u00f6chten Sie mit uns in Kontakt treten? Nutzen Sie unser Kontaktformular, um uns Ihre Anfrage schnell und unkompliziert zu \u00fcbermitteln. Wir melden uns zeitnah bei Ihnen und freuen uns auf den Austausch!<\/p>","protected":false},"author":2,"featured_media":0,"parent":0,"menu_order":0,"comment_status":"closed","ping_status":"closed","template":"","meta":{"inline_featured_image":false,"_uag_custom_page_level_css":"","footnotes":""},"class_list":["post-2549","page","type-page","status-publish","hentry"],"uagb_featured_image_src":{"full":false,"thumbnail":false,"medium":false,"medium_large":false,"large":false,"1536x1536":false,"2048x2048":false,"trp-custom-language-flag":false},"uagb_author_info":{"display_name":"Eike Bierman","author_link":"https:\/\/www.manndeckung.com\/en\/author\/edd\/"},"uagb_comment_info":0,"uagb_excerpt":"Vielen Dank Vielen Dank f\u00fcr Ihre Anfrage Haben Sie Fragen oder m\u00f6chten Sie mit uns in Kontakt treten? Nutzen Sie unser Kontaktformular, um uns Ihre Anfrage schnell und unkompliziert zu \u00fcbermitteln. Wir melden uns zeitnah bei Ihnen und freuen uns auf den Austausch!","_links":{"self":[{"href":"https:\/\/www.manndeckung.com\/en\/wp-json\/wp\/v2\/pages\/2549","targetHints":{"allow":["GET"]}}],"collection":[{"href":"https:\/\/www.manndeckung.com\/en\/wp-json\/wp\/v2\/pages"}],"about":[{"href":"https:\/\/www.manndeckung.com\/en\/wp-json\/wp\/v2\/types\/page"}],"author":[{"embeddable":true,"href":"https:\/\/www.manndeckung.com\/en\/wp-json\/wp\/v2\/users\/2"}],"replies":[{"embeddable":true,"href":"https:\/\/www.manndeckung.com\/en\/wp-json\/wp\/v2\/comments?post=2549"}],"version-history":[{"count":29,"href":"https:\/\/www.manndeckung.com\/en\/wp-json\/wp\/v2\/pages\/2549\/revisions"}],"predecessor-version":[{"id":8414,"href":"https:\/\/www.manndeckung.com\/en\/wp-json\/wp\/v2\/pages\/2549\/revisions\/8414"}],"wp:attachment":[{"href":"https:\/\/www.manndeckung.com\/en\/wp-json\/wp\/v2\/media?parent=2549"}],"curies":[{"name":"wp","href":"https:\/\/api.w.org\/{rel}","templated":true}]}}