{"id":2452,"date":"2025-01-07T09:01:16","date_gmt":"2025-01-07T08:01:16","guid":{"rendered":"http:\/\/manndeckung.test\/?page_id=2452"},"modified":"2025-05-26T09:58:40","modified_gmt":"2025-05-26T07:58:40","slug":"initiativ-bewerbung","status":"publish","type":"page","link":"https:\/\/www.manndeckung.com\/en\/initiativ-bewerbung\/","title":{"rendered":"Initiativ Bewerbung"},"content":{"rendered":"<div data-elementor-type=\"wp-page\" data-elementor-id=\"2452\" class=\"elementor elementor-2452\">\n\t\t\t\t<div class=\"elementor-element elementor-element-8ede363 hero e-flex e-con-boxed wpr-particle-no wpr-jarallax-no wpr-parallax-no wpr-sticky-section-no e-con e-parent\" data-id=\"8ede363\" data-element_type=\"container\" data-e-type=\"container\" data-settings=\"{&quot;background_background&quot;:&quot;classic&quot;}\">\n\t\t\t\t\t<div class=\"e-con-inner\">\n\t\t<div class=\"elementor-element elementor-element-4ffc4b9 e-con-full e-flex wpr-particle-no wpr-jarallax-no wpr-parallax-no wpr-sticky-section-no e-con e-child\" data-id=\"4ffc4b9\" data-element_type=\"container\" data-e-type=\"container\">\n\t\t\t\t<div class=\"elementor-element elementor-element-2173d5c elementor-widget elementor-widget-heading\" data-id=\"2173d5c\" data-element_type=\"widget\" data-e-type=\"widget\" data-widget_type=\"heading.default\">\n\t\t\t\t<div class=\"elementor-widget-container\">\n\t\t\t\t\t<h1 class=\"elementor-heading-title elementor-size-default\">Speculative application<\/h1>\t\t\t\t<\/div>\n\t\t\t\t<\/div>\n\t\t\t\t<\/div>\n\t\t\t\t\t<\/div>\n\t\t\t\t<\/div>\n\t\t<div class=\"elementor-element elementor-element-21369d2 e-flex e-con-boxed wpr-particle-no wpr-jarallax-no wpr-parallax-no wpr-sticky-section-no e-con e-parent\" data-id=\"21369d2\" data-element_type=\"container\" data-e-type=\"container\">\n\t\t\t\t\t<div class=\"e-con-inner\">\n\t\t\t\t<div class=\"elementor-element elementor-element-163918d elementor-widget elementor-widget-shortcode\" data-id=\"163918d\" data-element_type=\"widget\" data-e-type=\"widget\" data-widget_type=\"shortcode.default\">\n\t\t\t\t<div class=\"elementor-widget-container\">\n\t\t\t\t\t\t\t<div class=\"elementor-shortcode\"><div id=\"zrjb-application-form-container\" class=\"bewerbung-formular\"><div id=\"zrjb-application-form-titel\" class=\"bewerbung-formular-title\"><div>Speculative application<\/div><\/div><div id=\"zrjb-application-form-infotext\" class=\"bewerbung-formular-infotext\">Ready for your application? Share your story with us! Use our convenient online form to simply upload your documents and send them directly. This will make the first step towards your future efficient and effortless.<\/div><form id=\"zrjb-application-form\" action=\"\" method=\"post\" multipart=\"\" enctype=\"multipart\/form-data\" data-trp-original-action=\"\"><input type=\"hidden\" id=\"zrjb-language\" value=\"de\"><input type=\"hidden\" id=\"zrjb-stelle-uuid\" value=\"initiativ\"><input type=\"hidden\" id=\"zrjb-stelle-bezeichnung\" value=\"\"><input type=\"hidden\" id=\"zrjb-mandant-firmenbezeichnung\" value=\"\"><input type=\"hidden\" id=\"zrjb-mandant-uuid\" value=\"\"><input type=\"hidden\" id=\"zrjb-is-initiativ\" value=\"1\"><input type=\"hidden\" id=\"zrjb-initiativ-mandant-uuid\" name=\"zrjb-initiativ-mandant-uuid\" value=\"\"><div id=\"zrjb-application-form-input-wrapper\"><div id=\"zrjb-application-form-input-container\"><div><label for=\"anrede\">Salutation <\/label><select name=\"zrjb-anrede-uuid\" id=\"zrjb-anrede-uuid\" required><option value=\"\"><\/option><option value=\"b8d63db8-094d-4e06-b988-1c8c5d3ce89b\">Herr<\/option><option value=\"128faa85-1bdb-42db-a7ad-ae81ec56b522\">Frau<\/option><option value=\"a631b35f-470c-42d3-b212-41cb0d2362fc\">Neutral<\/option><\/select><\/div><div><label for=\"vorname\">First name *<\/label><input type=\"text\" name=\"zrjb-vorname\" id=\"zrjb-vorname\" value=\"\" required><\/div><div><label for=\"nachname\">Last name *<\/label><input type=\"text\" name=\"zrjb-nachname\" id=\"zrjb-nachname\" value=\"\" required><\/div><div><label for=\"email\">E-Mail *<\/label><input type=\"text\" name=\"zrjb-email\" id=\"zrjb-email\" value=\"\" required><\/div><div><label for=\"telefon\">Phone number<\/label><input type=\"text\" name=\"zrjb-telefon\" id=\"zrjb-telefon\" value=\"\"><\/div><div><label for=\"mobil\">Mobile<\/label><input type=\"text\" name=\"zrjb-mobil\" id=\"zrjb-mobil\" value=\"\"><\/div><\/div><\/div><div id=\"zrjb-attachment-wrapper\"><div id=\"zrjb-attachment-container\"><h4>File attachments<span id=\"zrjb-total-upload-size\"><\/span><\/h4><p>Sie k\u00f6nnen bis zu 10 Dateien mit einer Gr\u00f6\u00dfe von je max. 2 MB und einer Gesamtmenge von max. 2 MB anh\u00e4ngen.<\/p><div class=\"zrjb-file-upload-container\"><input type=\"hidden\" id=\"zrjb-accepted-file-types\" value=\".doc, .docx, .pdf\"><input type=\"hidden\" id=\"zrjb-upload-file-count\" value=\"10\"><input type=\"hidden\" id=\"zrjb-upload-file-size\" value=\"2\"><input type=\"hidden\" id=\"zrjb-upload-total-size\" value=\"2\"><\/div><div><button type=\"button\" id=\"zrjb-file-upload-button\" class=\"zrjb-file-upload-button\"><input type=\"file\" class=\"zrjb-select-file-input\" name=\"zrjb-files[]\" accept=\".doc, .docx, .pdf\" \/> <\/button><\/div><\/div><\/div><div id=\"zrjb-message-wrapper\"><div id=\"zrjb-message-container\" ><\/div><\/div><div id=\"zrjb-application-form-footer-wrapper\"><div id=\"zrjb-application-form-footer-container\"><div id=\"zrjb-datenschutz-infotext\"><label><input type=\"checkbox\" name=\"zrjb-datenschutz-ok\" id=\"zrjb-datenschutz-ok\"> I accept the electronic storage of my data in accordance with the <a href=\"https:\/\/www.manndeckung.com\/en\/datenschutz\/\" target=\"_blank\">Datenschutzbestimmungen<\/a>.<\/label><\/div><div id=\"footer-infotext\"><p id=\"senden-info\">Information on how we handle personal data can be found in our privacy policy<\/p><\/div><div><button class=\"zrjb-send-form-button\" id=\"zrjb-send-form-button\">Send application<\/button><\/div><\/div><\/div><input type=\"hidden\" name=\"trp-form-language\" value=\"en\"\/><\/form><\/div><div id=\"zrjb-sending-spinner\"><\/div>\n<\/div>\n\t\t\t\t\t\t<\/div>\n\t\t\t\t<\/div>\n\t\t\t\t\t<\/div>\n\t\t\t\t<\/div>\n\t\t\t\t<\/div>","protected":false},"excerpt":{"rendered":"<p>Speculative application<\/p>","protected":false},"author":2,"featured_media":0,"parent":0,"menu_order":0,"comment_status":"closed","ping_status":"closed","template":"","meta":{"inline_featured_image":false,"_uag_custom_page_level_css":"","footnotes":""},"class_list":["post-2452","page","type-page","status-publish","hentry"],"uagb_featured_image_src":{"full":false,"thumbnail":false,"medium":false,"medium_large":false,"large":false,"1536x1536":false,"2048x2048":false,"trp-custom-language-flag":false},"uagb_author_info":{"display_name":"Eike Bierman","author_link":"https:\/\/www.manndeckung.com\/en\/author\/edd\/"},"uagb_comment_info":0,"uagb_excerpt":"Initiativbewerbung","_links":{"self":[{"href":"https:\/\/www.manndeckung.com\/en\/wp-json\/wp\/v2\/pages\/2452","targetHints":{"allow":["GET"]}}],"collection":[{"href":"https:\/\/www.manndeckung.com\/en\/wp-json\/wp\/v2\/pages"}],"about":[{"href":"https:\/\/www.manndeckung.com\/en\/wp-json\/wp\/v2\/types\/page"}],"author":[{"embeddable":true,"href":"https:\/\/www.manndeckung.com\/en\/wp-json\/wp\/v2\/users\/2"}],"replies":[{"embeddable":true,"href":"https:\/\/www.manndeckung.com\/en\/wp-json\/wp\/v2\/comments?post=2452"}],"version-history":[{"count":22,"href":"https:\/\/www.manndeckung.com\/en\/wp-json\/wp\/v2\/pages\/2452\/revisions"}],"predecessor-version":[{"id":8497,"href":"https:\/\/www.manndeckung.com\/en\/wp-json\/wp\/v2\/pages\/2452\/revisions\/8497"}],"wp:attachment":[{"href":"https:\/\/www.manndeckung.com\/en\/wp-json\/wp\/v2\/media?parent=2452"}],"curies":[{"name":"wp","href":"https:\/\/api.w.org\/{rel}","templated":true}]}}